{"id":42917,"date":"2025-10-15T20:14:13","date_gmt":"2025-10-15T19:14:13","guid":{"rendered":"https:\/\/underworldgames.co.uk\/?post_type=product&#038;p=42917"},"modified":"2025-11-05T08:43:55","modified_gmt":"2025-11-05T08:43:55","slug":"pokemon-tcg-mega-evolution-phantasmal-flames-booster-box-instore-collection-preorder","status":"publish","type":"product","link":"https:\/\/underworldgames.co.uk\/?product=pokemon-tcg-mega-evolution-phantasmal-flames-booster-box-instore-collection-preorder","title":{"rendered":"READ T&#038;Cs &#8212; Pok\u00e9mon TCG: Mega Evolution Phantasmal Flames &#8211; Booster Box. (Preorder)"},"content":{"rendered":"<ul>\n<li>Ignite a Burning Spirit of Battle!<\/li>\n<li>Contains 36 booster packs from Pok\u00e9mon TCG: Mega Evolution\u2014Phantasmal Flames. (Each booster pack contains 10 game cards, 1 Basic Energy, and Pok\u00e9mon TCG Live code card. Cards vary by pack.)<\/li>\n<li>Mega Heracross ex, Mega Lopunny ex, and even more Pok\u00e9mon line up to give it their all in the Pok\u00e9mon TCG: Mega Evolution\u2014Phantasmal Flames expansion!<\/li>\n<li>Expand your collection with this booster display.<\/li>\n<\/ul>\n<p>Searing blue flames rip across a dark battlefield as Mega Charizard X ex soars up and looks down upon its opponents! With a deep chill to rival the heat, the shadowy figure of Mega Gengar ex slowly rises into view, and both Pok\u00e9mon prepare to attack. Determined to prove their mettle, Mega Heracross ex, Mega Lopunny ex, and even more Pok\u00e9mon line up to give it their all in the Pok\u00e9mon TCG: Mega Evolution\u2014Phantasmal Flames expansion!<\/p>\n<p><strong>T&amp;Cs apply<\/strong><\/p>\n<p><strong>This is for instore collection only &amp; one per person!<\/strong><\/p>\n<p><strong>Please note there is a 5% handling fee for order cancellations, this item is only available is store and the seal will be broken.<\/strong><\/p>\n","protected":false},"excerpt":{"rendered":"<p><strong>T&amp;Cs apply<\/strong><\/p>\n<p><strong>This is for instore collection only &amp; one per person!<\/strong><\/p>\n<p><strong>Please note there is a 5% handling fee for order cancellations, this item is only available is store and the seal will be broken.<\/strong><\/p>\n","protected":false},"featured_media":42919,"template":"","meta":{"neve_meta_sidebar":"","neve_meta_container":"","neve_meta_enable_content_width":"off","neve_meta_content_width":100,"neve_meta_title_alignment":"","neve_meta_author_avatar":"","neve_post_elements_order":"","neve_meta_disable_header":"","neve_meta_disable_footer":"","neve_meta_disable_title":"","_price":"160","_stock":"0","_tribe_ticket_header":"","_tribe_default_ticket_provider":"","_tribe_ticket_capacity":"3","_ticket_start_date":"","_ticket_end_date":"","_tribe_ticket_show_description":"","_tribe_ticket_show_not_going":false,"_tribe_ticket_use_global_stock":"","_tribe_ticket_global_stock_level":"","_global_stock_mode":"","_global_stock_cap":"","_tribe_rsvp_for_event":"","_tribe_ticket_going_count":"","_tribe_ticket_not_going_count":"","_tribe_tickets_list":"[]","_tribe_ticket_has_attendee_info_fields":false,"_EventAllDay":false,"_EventTimezone":"","_EventStartDate":"","_EventEndDate":"","_EventStartDateUTC":"","_EventEndDateUTC":"","_EventShowMap":false,"_EventShowMapLink":false,"_EventURL":"","_EventCost":"","_EventCostDescription":"","_EventCurrencySymbol":"","_EventCurrencyCode":"","_EventCurrencyPosition":"","_EventDateTimeSeparator":"","_EventTimeRangeSeparator":"","_EventOrganizerID":[],"_EventVenueID":[],"_OrganizerEmail":"","_OrganizerPhone":"","_OrganizerWebsite":"","_VenueAddress":"","_VenueCity":"","_VenueCountry":"","_VenueProvince":"","_VenueState":"","_VenueZip":"","_VenuePhone":"","_VenueURL":"","_VenueStateProvince":"","_VenueLat":"","_VenueLng":"","_VenueShowMap":false,"_VenueShowMapLink":false,"jetpack_publicize_message":"","jetpack_publicize_feature_enabled":true,"jetpack_social_post_already_shared":true,"jetpack_social_options":{"image_generator_settings":{"template":"highway","default_image_id":0,"font":"","enabled":false},"version":2},"_tec_slr_enabled":"","_tec_slr_layout":""},"product_brand":[],"product_cat":[224],"product_tag":[225,589],"class_list":{"0":"post-42917","1":"product","2":"type-product","3":"status-publish","4":"has-post-thumbnail","6":"product_cat-pokemon","7":"product_tag-pokemon","8":"product_tag-pokemon-tcg-mega-evolution-phantasmal-flames-booster-box-instore-collection-preorder","9":"product_shipping_class-medium-parcel","11":"first","12":"outofstock","13":"sold-individually","14":"taxable","15":"shipping-taxable","16":"purchasable","17":"product-type-simple"},"jetpack_publicize_connections":[],"jetpack_sharing_enabled":true,"_links":{"self":[{"href":"https:\/\/underworldgames.co.uk\/index.php?rest_route=\/wp\/v2\/product\/42917","targetHints":{"allow":["GET"]}}],"collection":[{"href":"https:\/\/underworldgames.co.uk\/index.php?rest_route=\/wp\/v2\/product"}],"about":[{"href":"https:\/\/underworldgames.co.uk\/index.php?rest_route=\/wp\/v2\/types\/product"}],"wp:featuredmedia":[{"embeddable":true,"href":"https:\/\/underworldgames.co.uk\/index.php?rest_route=\/wp\/v2\/media\/42919"}],"wp:attachment":[{"href":"https:\/\/underworldgames.co.uk\/index.php?rest_route=%2Fwp%2Fv2%2Fmedia&parent=42917"}],"wp:term":[{"taxonomy":"product_brand","embeddable":true,"href":"https:\/\/underworldgames.co.uk\/index.php?rest_route=%2Fwp%2Fv2%2Fproduct_brand&post=42917"},{"taxonomy":"product_cat","embeddable":true,"href":"https:\/\/underworldgames.co.uk\/index.php?rest_route=%2Fwp%2Fv2%2Fproduct_cat&post=42917"},{"taxonomy":"product_tag","embeddable":true,"href":"https:\/\/underworldgames.co.uk\/index.php?rest_route=%2Fwp%2Fv2%2Fproduct_tag&post=42917"}],"curies":[{"name":"wp","href":"https:\/\/api.w.org\/{rel}","templated":true}]}}